{"id":307,"date":"2019-07-17T02:57:36","date_gmt":"2019-07-17T02:57:36","guid":{"rendered":"https:\/\/www.reverierd.com\/?page_id=307"},"modified":"2019-07-21T12:53:33","modified_gmt":"2019-07-21T16:53:33","slug":"cuidado-y-ayuda","status":"publish","type":"page","link":"https:\/\/www.reverierd.com\/es\/cuidado-y-ayuda\/","title":{"rendered":"Servicios de salud"},"content":{"rendered":"\n<p>Los servicios de atenci\u00f3n y ayuda se centran en los diferentes aspectos de la mente humana. La comprensi\u00f3n y el alivio de los s\u00edntomas se convertir\u00e1n en una gu\u00eda para que el paciente se conozca mejor. Entrar en un proceso terap\u00e9utico es una experiencia de empoderamiento y un viaje a trav\u00e9s de la auto realizaci\u00f3n. <\/p>\n\n\n\n<p>En REVERIE podemos ayudarlo con cualquier dificultad que est\u00e9 abordando su vida y pueda ser problem\u00e1tica o puede afectar su trabajo, sus relaciones interpersonales, su familia o cualquier otro aspecto relevante. <\/p>\n\n\n\n<p>La terapia proporciona un efecto positivo para una amplia variedad de trastornos psicol\u00f3gicos, momentos de duelo, crisis existencial o inter\u00e9s propio en los aspectos ocultos de su mente. <\/p>\n\n\n\n<p>REVERIE puede contribuir significativamente al bienestar mental y f\u00edsico del pacienteayudandolo a administrar y organizar su estilo de vida desde su perspectiva individual.<\/p>\n\n\n\n<h4 class=\"wp-block-heading\">\u00bfPuede cualquier persona beneficiarse de la terapia?<\/h4>\n\n\n\n<p>S\u00ed, toda persona puede tener un efecto positivo que produzca cambios significativos en su vida al llevar a cabo una terapia, el requisito es el deseo de cambiar y, a menudo, se recomienda realizar algunas sesiones previas con un especialista para evaluar qu\u00e9 tratamiento se adecue mejor a sus necesidades.<\/p>\n","protected":false},"excerpt":{"rendered":"<p>Los servicios de atenci\u00f3n y ayuda se centran en los diferentes aspectos de la mente humana. La comprensi\u00f3n y el alivio de los s\u00edntomas se convertir\u00e1n en una gu\u00eda para que el paciente se conozca mejor. Entrar en un proceso terap\u00e9utico es una experiencia de empoderamiento y un viaje a trav\u00e9s de la auto realizaci\u00f3n. [&hellip;]<\/p>\n","protected":false},"author":2,"featured_media":275,"parent":0,"menu_order":9,"comment_status":"closed","ping_status":"closed","template":"service.php","meta":{"_acf_changed":false,"footnotes":""},"class_list":["post-307","page","type-page","status-publish","has-post-thumbnail","hentry"],"acf":[],"_links":{"self":[{"href":"https:\/\/www.reverierd.com\/es\/wp-json\/wp\/v2\/pages\/307","targetHints":{"allow":["GET"]}}],"collection":[{"href":"https:\/\/www.reverierd.com\/es\/wp-json\/wp\/v2\/pages"}],"about":[{"href":"https:\/\/www.reverierd.com\/es\/wp-json\/wp\/v2\/types\/page"}],"author":[{"embeddable":true,"href":"https:\/\/www.reverierd.com\/es\/wp-json\/wp\/v2\/users\/2"}],"replies":[{"embeddable":true,"href":"https:\/\/www.reverierd.com\/es\/wp-json\/wp\/v2\/comments?post=307"}],"version-history":[{"count":6,"href":"https:\/\/www.reverierd.com\/es\/wp-json\/wp\/v2\/pages\/307\/revisions"}],"predecessor-version":[{"id":476,"href":"https:\/\/www.reverierd.com\/es\/wp-json\/wp\/v2\/pages\/307\/revisions\/476"}],"wp:featuredmedia":[{"embeddable":true,"href":"https:\/\/www.reverierd.com\/es\/wp-json\/wp\/v2\/media\/275"}],"wp:attachment":[{"href":"https:\/\/www.reverierd.com\/es\/wp-json\/wp\/v2\/media?parent=307"}],"curies":[{"name":"wp","href":"https:\/\/api.w.org\/{rel}","templated":true}]}}