{"id":309,"date":"2019-07-17T02:58:02","date_gmt":"2019-07-17T02:58:02","guid":{"rendered":"https:\/\/www.reverierd.com\/?page_id=309"},"modified":"2019-07-21T15:14:18","modified_gmt":"2019-07-21T19:14:18","slug":"negocio","status":"publish","type":"page","link":"https:\/\/www.reverierd.com\/es\/cuidado-y-ayuda\/negocio\/","title":{"rendered":"Negocios"},"content":{"rendered":"\n<p>Reverie provee un grupo de profesionales especializados en diferentes \u00e1reas para ayudar a que su negocio crezca y mantenga a sus empleados satisfechos y con un sentido de pertenencia a su empresa. Ofrecemos una amplia gama de servicios cl\u00ednicos y organizacionales para empresas o empresarios, por lo que podemos ocuparnos de un crecimiento significativo en su productividad.<\/p>\n\n\n\n<p>Ofrecemos servicios para ayudarlo a seleccionar los mejores candidatos que se adapten a cualquier puesto en su negocio. Reverie realiza un extenso proceso de selecci\u00f3n que incluye evaluaciones psicol\u00f3gicas, pruebas de aptitud y un profundo an\u00e1lisis emocional para ayudar a su empresa a contratar los mejores empleados.<\/p>\n\n\n\n<p>El proceso de reclutamiento no solo se enfoca en los nuevos empleados, tambi\u00e9n ofrecemos una evaluaci\u00f3n psicol\u00f3gica para los candidatos que postulan para nuevos cargos dentro de la empresa. A trav\u00e9s de un an\u00e1lisis de personalidad se permite que los empleados crezcan en el campo que mejor se adapte a sus capacidades y rastos individuales.<\/p>\n\n\n\n<p>Dentro de nuestros servicios para empresas podra encontrar:<\/p>\n\n\n\n<ul class=\"wp-block-list\"><li>Servicios de recursos humanos<\/li><li>Revisiones de desempe\u00f1o<\/li><li>Reclutamiento <\/li><li>Certificaci\u00f3n profesional<\/li><li>Otras necesidades del negocio.<\/li><li>Intervenciones de crisis (Muerte de un empleado, Accidentes, Experiencias traum\u00e1ticas) <\/li><li>Terapia grupal para empleados. <\/li><li>Ejercicios de team building.<\/li><\/ul>\n","protected":false},"excerpt":{"rendered":"<p>Reverie provee un grupo de profesionales especializados en diferentes \u00e1reas para ayudar a que su negocio crezca y mantenga a sus empleados satisfechos y con un sentido de pertenencia a su empresa. Ofrecemos una amplia gama de servicios cl\u00ednicos y organizacionales para empresas o empresarios, por lo que podemos ocuparnos de un crecimiento significativo en [&hellip;]<\/p>\n","protected":false},"author":2,"featured_media":291,"parent":307,"menu_order":13,"comment_status":"closed","ping_status":"closed","template":"business.php","meta":{"_acf_changed":false,"footnotes":""},"class_list":["post-309","page","type-page","status-publish","has-post-thumbnail","hentry"],"acf":[],"_links":{"self":[{"href":"https:\/\/www.reverierd.com\/es\/wp-json\/wp\/v2\/pages\/309","targetHints":{"allow":["GET"]}}],"collection":[{"href":"https:\/\/www.reverierd.com\/es\/wp-json\/wp\/v2\/pages"}],"about":[{"href":"https:\/\/www.reverierd.com\/es\/wp-json\/wp\/v2\/types\/page"}],"author":[{"embeddable":true,"href":"https:\/\/www.reverierd.com\/es\/wp-json\/wp\/v2\/users\/2"}],"replies":[{"embeddable":true,"href":"https:\/\/www.reverierd.com\/es\/wp-json\/wp\/v2\/comments?post=309"}],"version-history":[{"count":3,"href":"https:\/\/www.reverierd.com\/es\/wp-json\/wp\/v2\/pages\/309\/revisions"}],"predecessor-version":[{"id":525,"href":"https:\/\/www.reverierd.com\/es\/wp-json\/wp\/v2\/pages\/309\/revisions\/525"}],"up":[{"embeddable":true,"href":"https:\/\/www.reverierd.com\/es\/wp-json\/wp\/v2\/pages\/307"}],"wp:featuredmedia":[{"embeddable":true,"href":"https:\/\/www.reverierd.com\/es\/wp-json\/wp\/v2\/media\/291"}],"wp:attachment":[{"href":"https:\/\/www.reverierd.com\/es\/wp-json\/wp\/v2\/media?parent=309"}],"curies":[{"name":"wp","href":"https:\/\/api.w.org\/{rel}","templated":true}]}}