{"id":311,"date":"2019-07-14T18:10:04","date_gmt":"2019-07-14T18:10:04","guid":{"rendered":"https:\/\/www.reverierd.com\/?page_id=311"},"modified":"2024-02-06T14:25:54","modified_gmt":"2024-02-06T18:25:54","slug":"contact-us","status":"publish","type":"page","link":"https:\/\/www.reverierd.com\/es\/contact-us\/","title":{"rendered":"Contacto"},"content":{"rendered":"\n<h4 class=\"wp-block-heading\">Direcci\u00f3n:<\/h4>\n\n\n\n<p>Av. Independencia  No. 157, Edif. M\u00e9dico Profesional GS. 4to Piso, Suite 403, Gazcue, Santo Domingo, Rep\u00fablica Dominicana.<\/p>\n\n\n\n<p>Horario: Monday to Friday, from 9:30 a.m. to 6:00 p.m.<\/p>\n\n\n\n<p>Tel\u00e9fono:\u00a0 829-725-3352<\/p>\n\n\n\n<p>Email:&nbsp;<a href=\"mailto:consult@reverierd.com\">consult@reverierd.com<\/a><\/p>\n","protected":false},"excerpt":{"rendered":"<p>Direcci\u00f3n: Av. Independencia No. 157, Edif. M\u00e9dico Profesional GS. 4to Piso, Suite 403, Gazcue, Santo Domingo, Rep\u00fablica Dominicana. Horario: Monday to Friday, from 9:30 a.m. to 6:00 p.m. Tel\u00e9fono:\u00a0 829-725-3352 Email:&nbsp;consult@reverierd.com<\/p>\n","protected":false},"author":2,"featured_media":0,"parent":0,"menu_order":17,"comment_status":"closed","ping_status":"closed","template":"contact.php","meta":{"_acf_changed":false,"footnotes":""},"class_list":["post-311","page","type-page","status-publish","hentry"],"acf":[],"_links":{"self":[{"href":"https:\/\/www.reverierd.com\/es\/wp-json\/wp\/v2\/pages\/311","targetHints":{"allow":["GET"]}}],"collection":[{"href":"https:\/\/www.reverierd.com\/es\/wp-json\/wp\/v2\/pages"}],"about":[{"href":"https:\/\/www.reverierd.com\/es\/wp-json\/wp\/v2\/types\/page"}],"author":[{"embeddable":true,"href":"https:\/\/www.reverierd.com\/es\/wp-json\/wp\/v2\/users\/2"}],"replies":[{"embeddable":true,"href":"https:\/\/www.reverierd.com\/es\/wp-json\/wp\/v2\/comments?post=311"}],"version-history":[{"count":7,"href":"https:\/\/www.reverierd.com\/es\/wp-json\/wp\/v2\/pages\/311\/revisions"}],"predecessor-version":[{"id":905,"href":"https:\/\/www.reverierd.com\/es\/wp-json\/wp\/v2\/pages\/311\/revisions\/905"}],"wp:attachment":[{"href":"https:\/\/www.reverierd.com\/es\/wp-json\/wp\/v2\/media?parent=311"}],"curies":[{"name":"wp","href":"https:\/\/api.w.org\/{rel}","templated":true}]}}