{"id":313,"date":"2019-07-17T02:58:54","date_gmt":"2019-07-17T02:58:54","guid":{"rendered":"https:\/\/www.reverierd.com\/?page_id=313"},"modified":"2019-07-21T14:25:28","modified_gmt":"2019-07-21T18:25:28","slug":"emergencia","status":"publish","type":"page","link":"https:\/\/www.reverierd.com\/es\/emergencia\/","title":{"rendered":"Emergencia"},"content":{"rendered":"\n<p>Ofrecemos una amplia variedad de programas para casos de emergencias que ayudan a cualquier paciente a estabilizarse y lograr un equilibrio saludable para la psicoterapia y el tratamiento de ambulatorio.<\/p>\n\n\n\n<p>Reverie trabaja de la mano con otras instituciones certificadas para cualquier situaci\u00f3n necesaria. Ofrecemos una evaluaci\u00f3n psicol\u00f3gica por tel\u00e9fono, videollamada o intervenciones personales y brindamos los pasos a seguir para las emergencias.<\/p>\n\n\n\n<ol class=\"wp-block-list\"><li>Pensamientos suicidas<\/li><li>Pensamientos homicidas<\/li><li>Ataques de p\u00e1nico<\/li><li>Trastorno l\u00edmite de la personalidad<\/li><li>Comportamiento agresivo o impulsivo.<\/li><li>Emergencias psiqui\u00e1tricas:<br><ul><li>Trastorno bipolar en crisis<\/li><li>Intentos de suicidio<\/li><li>Crisis psic\u00f3tica<\/li><li>Crisis mentales<\/li><li>Rompe con la realidad<\/li><\/ul><\/li><\/ol>\n","protected":false},"excerpt":{"rendered":"<p>Ofrecemos una amplia variedad de programas para casos de emergencias que ayudan a cualquier paciente a estabilizarse y lograr un equilibrio saludable para la psicoterapia y el tratamiento de ambulatorio. Reverie trabaja de la mano con otras instituciones certificadas para cualquier situaci\u00f3n necesaria. Ofrecemos una evaluaci\u00f3n psicol\u00f3gica por tel\u00e9fono, videollamada o intervenciones personales y brindamos [&hellip;]<\/p>\n","protected":false},"author":2,"featured_media":0,"parent":0,"menu_order":18,"comment_status":"closed","ping_status":"closed","template":"emergency.php","meta":{"_acf_changed":false,"footnotes":""},"class_list":["post-313","page","type-page","status-publish","hentry"],"acf":[],"_links":{"self":[{"href":"https:\/\/www.reverierd.com\/es\/wp-json\/wp\/v2\/pages\/313","targetHints":{"allow":["GET"]}}],"collection":[{"href":"https:\/\/www.reverierd.com\/es\/wp-json\/wp\/v2\/pages"}],"about":[{"href":"https:\/\/www.reverierd.com\/es\/wp-json\/wp\/v2\/types\/page"}],"author":[{"embeddable":true,"href":"https:\/\/www.reverierd.com\/es\/wp-json\/wp\/v2\/users\/2"}],"replies":[{"embeddable":true,"href":"https:\/\/www.reverierd.com\/es\/wp-json\/wp\/v2\/comments?post=313"}],"version-history":[{"count":10,"href":"https:\/\/www.reverierd.com\/es\/wp-json\/wp\/v2\/pages\/313\/revisions"}],"predecessor-version":[{"id":511,"href":"https:\/\/www.reverierd.com\/es\/wp-json\/wp\/v2\/pages\/313\/revisions\/511"}],"wp:attachment":[{"href":"https:\/\/www.reverierd.com\/es\/wp-json\/wp\/v2\/media?parent=313"}],"curies":[{"name":"wp","href":"https:\/\/api.w.org\/{rel}","templated":true}]}}